{"id":2008,"date":"2021-05-09T17:43:24","date_gmt":"2022-01-19T09:21:02","guid":{"rendered":"https:\/\/goziesaffron.com\/product\/nhuy-hoa-nghe-tay-5g\/"},"modified":"2022-01-19T22:21:02","modified_gmt":"2022-01-19T09:21:02","slug":"nhuy-hoa-nghe-tay-5g","status":"publish","type":"product","link":"https:\/\/goziesaffron.com\/vi\/san-pham\/nhuy-hoa-nghe-tay-5g\/","title":{"rendered":"Nhu\u1ef5 Hoa Ngh\u1ec7 T\u00e2y &#8211; 5g"},"content":{"rendered":"<h4>C\u00e1ch s\u1eed d\u1ee5ng nhu\u1ef5 hoa ngh\u1ec7 t\u00e2y<\/h4>\n<p>\u0110\u1ec3 chi\u1ebft t\u00e1ch m\u00e0u v\u00e0 tinh ch\u1ea5t hoa ngh\u1ec7 t\u00e2y, l\u1ea5y m\u1ed9t \u00edt nh\u1ee5y hoa cho v\u00e0o n\u01b0\u1edbc n\u00f3ng kho\u1ea3ng 15 ph\u00fat, sau \u0111\u00f3 c\u00f3 th\u1ec3 d\u00f9ng.<br \/>\nNhu\u1ef5 hoa ngh\u1ec7 t\u00e2y t\u0103ng th\u00eam m\u00e0u v\u00e0 h\u01b0\u01a1ng v\u1ecb cho c\u00e1c m\u00f3n \u0103n t\u1eeb g\u1ea1o \u0111\u1ebfn tr\u00e1ng mi\u1ec7ng.<br \/>\nTh\u00eam v\u00e0o h\u1ed7n h\u1ee3p m\u1ed9t \u00edt qu\u1ebf v\u00e0 l\u00ea h\u1ea7m.<br \/>\n\u0110\u01b0\u1ee3c s\u1eed d\u1ee5ng r\u1ed9ng r\u00e3i qu\u1ed1c t\u1ebf v\u00e0 thi\u1ebft y\u1ebfu trong c\u00e1c m\u00f3n \u0103n c\u1ee7a \u00dd nh\u01b0 Milanese Risotto, Paella T\u00e2y Ban Nha, Biryani \u1ea4n \u0110\u1ed9 v\u00e0 Bouillabaisse Ph\u00e1p.<\/p>\n","protected":false},"excerpt":{"rendered":"<p>Nhu\u1ef5 Hoa Ngh\u1ec7 T\u00e2y c\u1ee7a ch\u00fang t\u00f4i \u0111\u01b0\u1ee3c tr\u1ed3ng v\u00e0 thu ho\u1ea1ch \u1edf t\u1ec9nh Manawatu c\u1ee7a T\u00e2n T\u00e2y Lan, \u0111i\u1ec1u n\u00e0y c\u0169ng gi\u00fap s\u1ea3n ph\u1ea9m \u0111\u1ea1t \u0111\u01b0\u1ee3c ch\u1ea5t l\u01b0\u1ee3ng qu\u1ed1c t\u1ebf<\/p>\n","protected":false},"featured_media":1968,"comment_status":"open","ping_status":"closed","template":"","meta":{"_kad_blocks_custom_css":"","_kad_blocks_head_custom_js":"","_kad_blocks_body_custom_js":"","_kad_blocks_footer_custom_js":""},"product_brand":[],"product_cat":[103],"product_tag":[106],"class_list":{"0":"post-2008","1":"product","2":"type-product","3":"status-publish","4":"has-post-thumbnail","6":"product_cat-soi-saffron","7":"product_tag-nhuy","9":"first","10":"outofstock","11":"sale","12":"taxable","13":"shipping-taxable","14":"purchasable","15":"product-type-simple"},"taxonomy_info":{"product_cat":[{"value":103,"label":"Soi-Saffron"}],"product_tag":[{"value":106,"label":"Nhuy"}]},"featured_image_src_large":["https:\/\/goziesaffron.com\/wp-content\/uploads\/2021\/08\/Saffron-Threads.jpg",828,621,false],"author_info":[],"comment_info":0,"_links":{"self":[{"href":"https:\/\/goziesaffron.com\/vi\/wp-json\/wp\/v2\/product\/2008","targetHints":{"allow":["GET"]}}],"collection":[{"href":"https:\/\/goziesaffron.com\/vi\/wp-json\/wp\/v2\/product"}],"about":[{"href":"https:\/\/goziesaffron.com\/vi\/wp-json\/wp\/v2\/types\/product"}],"replies":[{"embeddable":true,"href":"https:\/\/goziesaffron.com\/vi\/wp-json\/wp\/v2\/comments?post=2008"}],"wp:featuredmedia":[{"embeddable":true,"href":"https:\/\/goziesaffron.com\/vi\/wp-json\/wp\/v2\/media\/1968"}],"wp:attachment":[{"href":"https:\/\/goziesaffron.com\/vi\/wp-json\/wp\/v2\/media?parent=2008"}],"wp:term":[{"taxonomy":"product_brand","embeddable":true,"href":"https:\/\/goziesaffron.com\/vi\/wp-json\/wp\/v2\/product_brand?post=2008"},{"taxonomy":"product_cat","embeddable":true,"href":"https:\/\/goziesaffron.com\/vi\/wp-json\/wp\/v2\/product_cat?post=2008"},{"taxonomy":"product_tag","embeddable":true,"href":"https:\/\/goziesaffron.com\/vi\/wp-json\/wp\/v2\/product_tag?post=2008"}],"curies":[{"name":"wp","href":"https:\/\/api.w.org\/{rel}","templated":true}]}}