{"id":2003,"date":"2021-06-18T23:46:53","date_gmt":"2022-01-19T09:00:00","guid":{"rendered":"https:\/\/goziesaffron.com\/product\/1-cay-hoa-nghe-tay\/"},"modified":"2022-01-19T22:00:00","modified_gmt":"2022-01-19T09:00:00","slug":"1-cay-hoa-nghe-tay","status":"publish","type":"product","link":"https:\/\/goziesaffron.com\/vi\/san-pham\/1-cay-hoa-nghe-tay\/","title":{"rendered":"1 c\u00e2y hoa ngh\u1ec7 t\u00e2y"},"content":{"rendered":"<h4>C\u00e1ch tr\u1ed3ng hoa ngh\u1ec7 t\u00e2y<\/h4>\n<ul>\n<li>\u0110\u00e0o 1 l\u1ed7 nh\u1ecf v\u1edbi \u0111\u1ed9 s\u00e2u v\u1eeba \u0111\u1ee7 \u0111\u1ec3 ch\u00f4n c\u1ee7 hoa, sau \u0111\u00f3 ch\u1eeba ph\u1ea7n l\u00e1 nh\u00f4 ra kh\u1ecfi m\u1eb7t \u0111\u1ea5t<\/li>\n<li>B\u1ecf c\u00e2y v\u00e0o l\u1ed7 v\u1eeba \u0111\u00e0o v\u00e0 l\u1eafp \u0111\u1ea5t xung quanh<\/li>\n<li>R\u1eafc m\u1ed9t \u00edt b\u1ed9t m\u00e1u v\u00e0 x\u01b0\u01a1ng th\u00e0nh ph\u1ea9m v\u1edbi ph\u00e2n c\u1eebu tr\u1ed9n<\/li>\n<li>T\u01b0\u1edbi n\u01b0\u1edbc cho c\u00e2y v\u1eeba tr\u1ed3ng<\/li>\n<\/ul>\n","protected":false},"excerpt":{"rendered":"<p>C\u00e2y hoa ngh\u1ec7 t\u00e2y ch\u1ea5t l\u01b0\u1ee3ng cao tr\u1ed3ng v\u00e0 k\u1ebft th\u00fac ra hoa trong th\u00e1ng n\u0103m. B\u1ea1n s\u1ebd nh\u1eadn \u0111\u01b0\u1ee3c c\u00e2y hoa ngh\u1ec7 t\u00e2y \u0111ang sinh tr\u01b0\u1edfng kho\u1ebb m\u1ea1nh<\/p>\n","protected":false},"featured_media":1918,"comment_status":"open","ping_status":"closed","template":"","meta":{"_kad_blocks_custom_css":"","_kad_blocks_head_custom_js":"","_kad_blocks_body_custom_js":"","_kad_blocks_footer_custom_js":""},"product_brand":[],"product_cat":[102],"product_tag":[105],"class_list":{"0":"post-2003","1":"product","2":"type-product","3":"status-publish","4":"has-post-thumbnail","6":"product_cat-cay","7":"product_tag-cay","9":"first","10":"outofstock","11":"sale","12":"taxable","13":"shipping-taxable","14":"purchasable","15":"product-type-simple"},"taxonomy_info":{"product_cat":[{"value":102,"label":"Cay"}],"product_tag":[{"value":105,"label":"Cay"}]},"featured_image_src_large":["https:\/\/goziesaffron.com\/wp-content\/uploads\/2021\/06\/close-up-detail-on-buds-on-a-saffron-plant.png",808,540,false],"author_info":[],"comment_info":0,"_links":{"self":[{"href":"https:\/\/goziesaffron.com\/vi\/wp-json\/wp\/v2\/product\/2003","targetHints":{"allow":["GET"]}}],"collection":[{"href":"https:\/\/goziesaffron.com\/vi\/wp-json\/wp\/v2\/product"}],"about":[{"href":"https:\/\/goziesaffron.com\/vi\/wp-json\/wp\/v2\/types\/product"}],"replies":[{"embeddable":true,"href":"https:\/\/goziesaffron.com\/vi\/wp-json\/wp\/v2\/comments?post=2003"}],"wp:featuredmedia":[{"embeddable":true,"href":"https:\/\/goziesaffron.com\/vi\/wp-json\/wp\/v2\/media\/1918"}],"wp:attachment":[{"href":"https:\/\/goziesaffron.com\/vi\/wp-json\/wp\/v2\/media?parent=2003"}],"wp:term":[{"taxonomy":"product_brand","embeddable":true,"href":"https:\/\/goziesaffron.com\/vi\/wp-json\/wp\/v2\/product_brand?post=2003"},{"taxonomy":"product_cat","embeddable":true,"href":"https:\/\/goziesaffron.com\/vi\/wp-json\/wp\/v2\/product_cat?post=2003"},{"taxonomy":"product_tag","embeddable":true,"href":"https:\/\/goziesaffron.com\/vi\/wp-json\/wp\/v2\/product_tag?post=2003"}],"curies":[{"name":"wp","href":"https:\/\/api.w.org\/{rel}","templated":true}]}}