{"id":2001,"date":"2021-06-21T02:06:44","date_gmt":"2022-01-18T23:47:18","guid":{"rendered":"https:\/\/goziesaffron.com\/product\/cu-hoa-nghe-tay-50-cu\/"},"modified":"2022-01-23T18:14:08","modified_gmt":"2022-01-23T05:14:08","slug":"cu-hoa-nghe-tay-loai-50-cu","status":"publish","type":"product","link":"https:\/\/goziesaffron.com\/vi\/san-pham\/cu-hoa-nghe-tay-loai-50-cu\/","title":{"rendered":"C\u1ee7 Hoa Ngh\u1ec7 T\u00e2y &#8211; 50 C\u1ee7"},"content":{"rendered":"<p>C\u1ee7 Hoa n\u00ean tr\u1ed3ng \u1edf \u0111\u1ed9 s\u00e2u 10cm, v\u1edbi kho\u1ea3ng c\u00e1ch 10cm trong ch\u1eadu hay ngo\u00e0i \u0111\u1ea5t. B\u00f3n ph\u00e2n cho c\u00e2y v\u00e0 t\u01b0\u1edbi n\u01b0\u1edbc ch\u1ee7 y\u1ebfu v\u00e0o \u0111\u1ea7u v\u1ee5 Th\u00e1ng Hai &#8211; Ba N\u1ebfu tr\u1ed3ng trong ch\u1eadu, c\u1ee7 hoa c\u1ea7n nhi\u1ec7t \u0111\u1ed9 l\u1ea1nh trong th\u1eddi gian sinh tr\u01b0\u1edfng, c\u1ea7n thi\u1ebft \u0111\u1ec3 ch\u1eadu hoa b\u00ean ngo\u00e0i v\u01b0\u1eddn, c\u00e2y s\u1ebd n\u1edf hoa v\u00e0o th\u00e1ng Ba v\u00e0 T\u01b0<\/p>\n","protected":false},"excerpt":{"rendered":"<p>Hoa Ngh\u1ec7 T\u00e2y s\u1ebd ng\u1ee7 \u0111\u00f4ng t\u1eeb th\u00e1ng M\u01b0\u1eddi M\u1ed9t \u0111\u1ebfn th\u00e1ng Hai L\u00e1 c\u00e2y d\u1ea1ng l\u00e1 c\u1ecf, s\u1ebd h\u00e9o v\u00e0 ch\u1ebft v\u00e0o cu\u1ed1i th\u00e1ng M\u01b0\u1eddi M\u1ed9t, sau \u0111\u00f3 c\u1ee7 hoa s\u1ebd ng\u1ee7 \u0111\u00f4ng Ch\u00fang t\u00f4i \u0111\u00e0o c\u1ee7 v\u00e0o th\u00e1ng M\u01b0\u1eddi M\u1ed9t v\u00e0 th\u00e1ng M\u01b0\u1eddi Hai C\u1ee7 Hoa s\u1ebd s\u1eb5n s\u00e0ng \u0111\u1ec3 b\u00e1n v\u00e0o th\u00e1ng M\u1ed9t h\u1eb1ng n\u0103m<\/p>\n<p>&nbsp;<\/p>\n","protected":false},"featured_media":1937,"comment_status":"open","ping_status":"closed","template":"","meta":{"_kad_blocks_custom_css":"","_kad_blocks_head_custom_js":"","_kad_blocks_body_custom_js":"","_kad_blocks_footer_custom_js":""},"product_brand":[],"product_cat":[101],"product_tag":[],"class_list":{"0":"post-2001","1":"product","2":"type-product","3":"status-publish","4":"has-post-thumbnail","6":"product_cat-cu-hoa","8":"first","9":"outofstock","10":"sale","11":"taxable","12":"shipping-taxable","13":"purchasable","14":"product-type-simple"},"taxonomy_info":{"product_cat":[{"value":101,"label":"Cu-Hoa"}]},"featured_image_src_large":["https:\/\/goziesaffron.com\/wp-content\/uploads\/2021\/06\/saffron-corms.png",810,540,false],"author_info":[],"comment_info":0,"_links":{"self":[{"href":"https:\/\/goziesaffron.com\/vi\/wp-json\/wp\/v2\/product\/2001","targetHints":{"allow":["GET"]}}],"collection":[{"href":"https:\/\/goziesaffron.com\/vi\/wp-json\/wp\/v2\/product"}],"about":[{"href":"https:\/\/goziesaffron.com\/vi\/wp-json\/wp\/v2\/types\/product"}],"replies":[{"embeddable":true,"href":"https:\/\/goziesaffron.com\/vi\/wp-json\/wp\/v2\/comments?post=2001"}],"wp:featuredmedia":[{"embeddable":true,"href":"https:\/\/goziesaffron.com\/vi\/wp-json\/wp\/v2\/media\/1937"}],"wp:attachment":[{"href":"https:\/\/goziesaffron.com\/vi\/wp-json\/wp\/v2\/media?parent=2001"}],"wp:term":[{"taxonomy":"product_brand","embeddable":true,"href":"https:\/\/goziesaffron.com\/vi\/wp-json\/wp\/v2\/product_brand?post=2001"},{"taxonomy":"product_cat","embeddable":true,"href":"https:\/\/goziesaffron.com\/vi\/wp-json\/wp\/v2\/product_cat?post=2001"},{"taxonomy":"product_tag","embeddable":true,"href":"https:\/\/goziesaffron.com\/vi\/wp-json\/wp\/v2\/product_tag?post=2001"}],"curies":[{"name":"wp","href":"https:\/\/api.w.org\/{rel}","templated":true}]}}